{"id":5134,"date":"2026-02-20T00:48:06","date_gmt":"2026-02-19T23:48:06","guid":{"rendered":"https:\/\/burgerlabor.com\/?page_id=5134"},"modified":"2026-02-20T00:48:07","modified_gmt":"2026-02-19T23:48:07","slug":"altalanos-szerzodesi-feltetelek","status":"publish","type":"page","link":"https:\/\/burgerlabor.com\/en\/altalanos-szerzodesi-feltetelek\/","title":{"rendered":"\u00c1ltal\u00e1nos szerz\u0151d\u00e9si felt\u00e9telek"},"content":{"rendered":"<p>Jelen \u00c1SZF a<strong>&nbsp;Gropad Food Kft<\/strong>. c\u00e9g (sz\u00e9khely: 1164 Bp. Tak\u00e1cs utca 13, ad\u00f3sz\u00e1m: 29136133-2-42), mint szolg\u00e1ltat\u00f3 (\u201cSzolg\u00e1ltat\u00f3\u201d) \u00e9s a<\/p>\n\n\n\n<p>jelen \u00c1SZF-ben ig\u00e9nybe vev\u0151 az a term\u00e9szetes szem\u00e9ly, aki a Szolg\u00e1ltat\u00f3 weboldal\u00e1n regisztr\u00e1lt \u00e9s<\/p>\n\n\n\n<p>saj\u00e1t felhaszn\u00e1l\u00f3i fi\u00f3kkal rendelkezik. A felek k\u00f6z\u00f6tt az elektronikus kereskedelmi szolg\u00e1ltat\u00e1sok, valamint az inform\u00e1ci\u00f3s t\u00e1rsadalommal \u00f6sszef\u00fcgg\u0151 szolg\u00e1ltat\u00e1sok egyes k\u00e9rd\u00e9seir\u0151l sz\u00f3l\u00f3 2001. \u00e9vi CVIII. t\u00f6rv\u00e9ny\u00e9ben foglaltak alapj\u00e1n l\u00e9trej\u00f6v\u0151 szerz\u0151d\u00e9st szab\u00e1lyozza.<br>K\u00e9rj\u00fck, hogy csak akkor vegye ig\u00e9nybe szolg\u00e1ltat\u00e1sainkat, amennyiben minden pontj\u00e1val egyet\u00e9rt, \u00e9s k\u00f6telez\u0151 \u00e9rv\u00e9ny\u0171nek tekinti mag\u00e1ra n\u00e9zve. Jelen dokumentum nem ker\u00fcl iktat\u00e1sra, kiz\u00e1r\u00f3lag elektronikus form\u00e1ban ker\u00fcl megk\u00f6t\u00e9sre (nem min\u0151s\u00fcl \u00edr\u00e1sba foglalt szerz\u0151d\u00e9snek), magatart\u00e1si k\u00f3dexre nem utal.<\/p>\n\n\n\n<p><strong>A regisztr\u00e1ci\u00f3 l\u00e9p\u00e9sei<\/strong><\/p>\n\n\n\n<p>A felek k\u00f6z\u00f6tt a szerz\u0151d\u00e9s elektronikus \u00faton val\u00f3 megk\u00f6t\u00e9se az al\u00e1bbi technikai l\u00e9p\u00e9sekkel t\u00f6rt\u00e9nik: Regisztr\u00e1ci\u00f3<\/p>\n\n\n\n<ul class=\"wp-block-list\">\n<li>A v\u00e1s\u00e1rl\u00f3 jogosult a Szolg\u00e1ltat\u00f3 \u00e1ltal \u00fczemeltetett honlapon a keresztnev\u00e9nek, vezet\u00e9knev\u00e9nek, e-mail c\u00edm\u00e9nek, telefonsz\u00e1m\u00e1nak, tov\u00e1bb\u00e1 jelen \u00c1SZF \u00e9s az adatv\u00e9delmi szab\u00e1lyzat elfogad\u00e1s\u00e1val \u2019\u2019fi\u00f3kot\u201d l\u00e9trehozni.<\/li>\n\n\n\n<li>A sikeres regisztr\u00e1ci\u00f3 ut\u00e1n a megadott e-mailre v\u00e1lasz\u00fczenetet k\u00fcld a v\u00e1s\u00e1rl\u00f3nak.<\/li>\n\n\n\n<li>A honlap tartalmazza a Szolg\u00e1ltat\u00f3 \u00e1ltal \u00e9rt\u00e9kes\u00edteni k\u00edv\u00e1nt \u00e1ruk megnevez\u00e9s\u00e9t \u00e9sv\u00e9tel\u00e1r\u00e1t.<\/li>\n\n\n\n<li>A megrendelni k\u00edv\u00e1nt t\u00e9teleket, a v\u00e1s\u00e1rl\u00f3 a p\u00e9nzt\u00e1r gombot haszn\u00e1lva tudja lez\u00e1rni.<\/li>\n\n\n\n<li>Minden v\u00e1s\u00e1rl\u00e1s eset\u00e9n a v\u00e1s\u00e1rl\u00f3 t\u00e1j\u00e9koztat\u00f3 e-mailt kap.Szerz\u0151d\u00e9s teljes\u00edt\u00e9seA rendel\u00e9s teljes\u00edt\u00e9s\u00e9hez kapcsol\u00f3d\u00f3 szerz\u0151d\u00e9s hat\u00e1rozott, a rendel\u00e9st lead\u00f3 szem\u00e9lynek t\u00f6rt\u00e9n\u0151 kisz\u00e1ll\u00edt\u00e1s\u00e1ig terjed\u0151 id\u0151re j\u00f6n l\u00e9tre. A rendelt t\u00e9telek, term\u00e9keink romland\u00f3 \u00e9lelmiszerek vagy r\u00f6vid fogyaszthat\u00f3s\u00e1gi id\u0151tartam\u00fa \u00e1ru, \u00edgy a Szolg\u00e1ltat\u00f3 rendel\u00e9s visszaigazol\u00e1sa ut\u00e1n nem jogosultak t\u00f6r\u00f6lni, att\u00f3l el\u00e1llni.<\/li>\n<\/ul>\n\n\n\n<p><strong>Sz\u00e1ll\u00edt\u00e1s<\/strong><\/p>\n\n\n\n<p>A rendel\u00e9s k\u00e9zbes\u00edt\u00e9se a Szolg\u00e1ltat\u00f3 felel\u0151ss\u00e9ge. A rendel\u00e9sek visszaigazol\u00e1s ut\u00e1n, \u00e1tlag 60 perc alatt teljes\u00edt\u00e9sre ker\u00fclnek. Id\u0151j\u00e1r\u00e1s \u00e9s forgalom f\u00fcggv\u00e9ny\u00e9ben a kisz\u00e1ll\u00edt\u00e1si id\u0151 v\u00e1ltozhat.<\/p>\n\n\n\n<p>A kisz\u00e1ll\u00edt\u00e1s \u00e1ra 300 forint, a csomagol\u00e1s 150 forint. Ezek az \u00e1rak m\u00f3dos\u00edthatj\u00e1k az \u00e9tlapon szerepl\u0151 rendelt term\u00e9keink \u00f6sszeg\u00e9t. A visszaigazol\u00f3 e-mailben k\u00fcl\u00f6n felt\u00fcntetj\u00fck az egy\u00e9b k\u00f6lts\u00e9geket.<\/p>\n\n\n\n<p>\u00c1rv\u00e1ltoz\u00e1s sor\u00e1n jelen \u00c1SZF is friss\u00edt\u00e9sre ker\u00fcl.<\/p>\n\n\n\n<p><strong>Nyitvatart\u00e1s<\/strong><\/p>\n\n\n\n<p>\u00dczlet\u00fcnk nyitvatart\u00e1si ideje mindennap 11:30-20:00-ig. Munkasz\u00fcneti napokban ez v\u00e1ltozhat.<\/p>\n\n\n\n<p><strong>Panasz<\/strong><\/p>\n\n\n\n<p>Term\u00e9keinkre, \u00fczlet\u00fcnkre vonatkoz\u00f3 panasz az al\u00e1bbiak szerint ny\u00fajthat\u00f3 be:<\/p>\n\n\n\n<ul class=\"wp-block-list\">\n<li>Elektronikus lev\u00e9l form\u00e1j\u00e1ban a burger.lab.info@gmail.com c\u00edmre k\u00fcldheti vagy \u00edr\u00e1sban, a Szolg\u00e1ltat\u00f3 sz\u00e9khely\u00e9re k\u00fcldve.<\/li>\n\n\n\n<li>A panasznak tartalmaznia kell a beny\u00fajt\u00f3 szem\u00e9ly adatai, panasz oka, \u00e9s a v\u00e1s\u00e1rl\u00f3 k\u00e9r\u00e9s\u00e9t.<\/li>\n\n\n\n<li>A beny\u00fajtott panaszokat be\u00e9rkez\u00e9st k\u00f6vet\u0151 14 napon bel\u00fcl k\u00f6teles kivizsg\u00e1lni a Szolg\u00e1ltat\u00f3, amennyiben jogszab\u00e1ly k\u00f6telez\u0151 el\u0151\u00edr\u00e1sa enn\u00e9l r\u00f6videbb hat\u00e1rid\u0151t nem \u00edr el\u0151.<\/li>\n\n\n\n<li>A v\u00e1s\u00e1rolt term\u00e9kek fizikai vagy jogi hib\u00e1j\u00e1ra vonatkoz\u00f3 panasz eset\u00e9n a magyar Polg\u00e1ri t\u00f6rv\u00e9nyk\u00f6nyv kell\u00e9k- \u00e9s term\u00e9kszavatoss\u00e1gra vonatkoz\u00f3 rendelkez\u00e9seinek megfelel\u0151en kell kivizsg\u00e1lni.<\/li>\n\n\n\n<li>A panasz kivizsg\u00e1l\u00e1sa, k\u00f6vetel\u00e9s \u00e9rv\u00e9nyes\u00edt\u00e9se \u00e9rdek\u00e9ben jogosult az illet\u00e9kes Korm\u00e1nyhivatala Fogyaszt\u00f3v\u00e9delmi Fel\u00fcgyel\u0151s\u00e9ghez fordulni.<\/li>\n<\/ul>\n\n\n\n<p><strong>Bankk\u00e1rty\u00e1s fizet\u00e9s Barionnal<\/strong><\/p>\n\n\n\n<p>Web\u00e1ruh\u00e1zunkban gyorsan \u00e9s biztons\u00e1gosan fizethet bankk\u00e1rty\u00e1val. Az online bankk\u00e1rty\u00e1s fizet\u00e9sek a Barion rendszer\u00e9n kereszt\u00fcl val\u00f3sulnak meg. A bankk\u00e1rtya adatok a keresked\u0151h\u00f6z nem jutnak el. A szolg\u00e1ltat\u00e1st ny\u00fajt\u00f3 Barion Payment Zrt. a Magyar Nemzeti Bank fel\u00fcgyelete alatt \u00e1ll\u00f3 int\u00e9zm\u00e9ny, enged\u00e9ly\u00e9nek sz\u00e1ma: H-EN-I-1064\/2013.\u201d<\/p>\n\n\n\n<p><strong>Vegyes rendelkez\u00e9sek<\/strong><\/p>\n\n\n\n<p><a href=\"http:\/\/14.burgerlabor.com\/wp-content\/uploads\/2023\/10\/ASZF.pdf\">Az \u00c1SZF .pdf form\u00e1tumban let\u00f6lthet\u0151 a honlapr\u00f3l.<\/a><br>A szolg\u00e1ltat\u00f3 \u00e1ltal \u00fczemelt weboldal magyar nyelven j\u00f6tt l\u00e9tre. A szolg\u00e1ltat\u00f3 a jelen szab\u00e1lyzatot b\u00e1rmikor m\u00f3dos\u00edthatja<\/p>\n\n\n\n<p>Budapest, 2022.11.08<\/p>","protected":false},"excerpt":{"rendered":"<p>Jelen \u00c1SZF a&nbsp;Gropad Food Kft. c\u00e9g (sz\u00e9khely: 1164 Bp. Tak\u00e1cs utca 13, ad\u00f3sz\u00e1m: 29136133-2-42), mint szolg\u00e1ltat\u00f3 (\u201cSzolg\u00e1ltat\u00f3\u201d) \u00e9s a jelen \u00c1SZF-ben ig\u00e9nybe vev\u0151 az a term\u00e9szetes szem\u00e9ly, aki a Szolg\u00e1ltat\u00f3 weboldal\u00e1n regisztr\u00e1lt \u00e9s saj\u00e1t felhaszn\u00e1l\u00f3i fi\u00f3kkal rendelkezik. A felek k\u00f6z\u00f6tt az elektronikus kereskedelmi szolg\u00e1ltat\u00e1sok, valamint az inform\u00e1ci\u00f3s t\u00e1rsadalommal \u00f6sszef\u00fcgg\u0151 szolg\u00e1ltat\u00e1sok egyes k\u00e9rd\u00e9seir\u0151l sz\u00f3l\u00f3 2001. \u00e9vi [&hellip;]<\/p>\n","protected":false},"author":1,"featured_media":0,"parent":0,"menu_order":0,"comment_status":"closed","ping_status":"closed","template":"","meta":{"site-sidebar-layout":"default","site-content-layout":"","ast-site-content-layout":"default","site-content-style":"default","site-sidebar-style":"default","ast-global-header-display":"","ast-banner-title-visibility":"","ast-main-header-display":"","ast-hfb-above-header-display":"","ast-hfb-below-header-display":"","ast-hfb-mobile-header-display":"","site-post-title":"","ast-breadcrumbs-content":"","ast-featured-img":"","footer-sml-layout":"","ast-disable-related-posts":"","theme-transparent-header-meta":"","adv-header-id-meta":"","stick-header-meta":"","header-above-stick-meta":"","header-main-stick-meta":"","header-below-stick-meta":"","astra-migrate-meta-layouts":"default","ast-page-background-enabled":"default","ast-page-background-meta":{"desktop":{"background-color":"var(--ast-global-color-4)","background-image":"","background-repeat":"repeat","background-position":"center center","background-size":"auto","background-attachment":"scroll","background-type":"","background-media":"","overlay-type":"","overlay-color":"","overlay-opacity":"","overlay-gradient":""},"tablet":{"background-color":"","background-image":"","background-repeat":"repeat","background-position":"center center","background-size":"auto","background-attachment":"scroll","background-type":"","background-media":"","overlay-type":"","overlay-color":"","overlay-opacity":"","overlay-gradient":""},"mobile":{"background-color":"","background-image":"","background-repeat":"repeat","background-position":"center center","background-size":"auto","background-attachment":"scroll","background-type":"","background-media":"","overlay-type":"","overlay-color":"","overlay-opacity":"","overlay-gradient":""}},"ast-content-background-meta":{"desktop":{"background-color":"var(--ast-global-color-5)","background-image":"","background-repeat":"repeat","background-position":"center center","background-size":"auto","background-attachment":"scroll","background-type":"","background-media":"","overlay-type":"","overlay-color":"","overlay-opacity":"","overlay-gradient":""},"tablet":{"background-color":"var(--ast-global-color-5)","background-image":"","background-repeat":"repeat","background-position":"center center","background-size":"auto","background-attachment":"scroll","background-type":"","background-media":"","overlay-type":"","overlay-color":"","overlay-opacity":"","overlay-gradient":""},"mobile":{"background-color":"var(--ast-global-color-5)","background-image":"","background-repeat":"repeat","background-position":"center center","background-size":"auto","background-attachment":"scroll","background-type":"","background-media":"","overlay-type":"","overlay-color":"","overlay-opacity":"","overlay-gradient":""}},"footnotes":""},"class_list":["post-5134","page","type-page","status-publish","hentry"],"yoast_head":"<!-- This site is optimized with the Yoast SEO Premium plugin v27.0 (Yoast SEO v27.0) - https:\/\/yoast.com\/product\/yoast-seo-premium-wordpress\/ -->\n<title>\u00c1ltal\u00e1nos szerz\u0151d\u00e9si felt\u00e9telek - Burgerlabor<\/title>\n<meta name=\"robots\" content=\"index, follow, max-snippet:-1, max-image-preview:large, max-video-preview:-1\" \/>\n<link rel=\"canonical\" href=\"https:\/\/burgerlabor.com\/en\/altalanos-szerzodesi-feltetelek\/\" \/>\n<meta property=\"og:locale\" content=\"en_US\" \/>\n<meta property=\"og:type\" content=\"article\" \/>\n<meta property=\"og:title\" content=\"\u00c1ltal\u00e1nos szerz\u0151d\u00e9si felt\u00e9telek\" \/>\n<meta property=\"og:description\" content=\"Jelen \u00c1SZF a&nbsp;Gropad Food Kft. c\u00e9g (sz\u00e9khely: 1164 Bp. Tak\u00e1cs utca 13, ad\u00f3sz\u00e1m: 29136133-2-42), mint szolg\u00e1ltat\u00f3 (\u201cSzolg\u00e1ltat\u00f3\u201d) \u00e9s a jelen \u00c1SZF-ben ig\u00e9nybe vev\u0151 az a term\u00e9szetes szem\u00e9ly, aki a Szolg\u00e1ltat\u00f3 weboldal\u00e1n regisztr\u00e1lt \u00e9s saj\u00e1t felhaszn\u00e1l\u00f3i fi\u00f3kkal rendelkezik. A felek k\u00f6z\u00f6tt az elektronikus kereskedelmi szolg\u00e1ltat\u00e1sok, valamint az inform\u00e1ci\u00f3s t\u00e1rsadalommal \u00f6sszef\u00fcgg\u0151 szolg\u00e1ltat\u00e1sok egyes k\u00e9rd\u00e9seir\u0151l sz\u00f3l\u00f3 2001. \u00e9vi [&hellip;]\" \/>\n<meta property=\"og:url\" content=\"https:\/\/burgerlabor.com\/en\/altalanos-szerzodesi-feltetelek\/\" \/>\n<meta property=\"og:site_name\" content=\"Burgerlabor\" \/>\n<meta property=\"article:publisher\" content=\"https:\/\/www.facebook.com\/burgerlabor2021\" \/>\n<meta property=\"article:modified_time\" content=\"2026-02-19T23:48:07+00:00\" \/>\n<meta property=\"og:image\" content=\"https:\/\/burgerlabor.com\/wp-content\/uploads\/2026\/02\/burger-op-logo.jpg\" \/>\n\t<meta property=\"og:image:width\" content=\"1200\" \/>\n\t<meta property=\"og:image:height\" content=\"630\" \/>\n\t<meta property=\"og:image:type\" content=\"image\/jpeg\" \/>\n<meta name=\"twitter:card\" content=\"summary_large_image\" \/>\n<meta name=\"twitter:label1\" content=\"Est. reading time\" \/>\n\t<meta name=\"twitter:data1\" content=\"3 minutes\" \/>\n<script type=\"application\/ld+json\" class=\"yoast-schema-graph\">{\"@context\":\"https:\/\/schema.org\",\"@graph\":[{\"@type\":\"WebPage\",\"@id\":\"https:\/\/burgerlabor.com\/altalanos-szerzodesi-feltetelek\/\",\"url\":\"https:\/\/burgerlabor.com\/altalanos-szerzodesi-feltetelek\/\",\"name\":\"\u00c1ltal\u00e1nos szerz\u0151d\u00e9si felt\u00e9telek - Burgerlabor\",\"isPartOf\":{\"@id\":\"https:\/\/burgerlabor.com\/#website\"},\"datePublished\":\"2026-02-19T23:48:06+00:00\",\"dateModified\":\"2026-02-19T23:48:07+00:00\",\"breadcrumb\":{\"@id\":\"https:\/\/burgerlabor.com\/altalanos-szerzodesi-feltetelek\/#breadcrumb\"},\"inLanguage\":\"en-US\",\"potentialAction\":[{\"@type\":\"ReadAction\",\"target\":[\"https:\/\/burgerlabor.com\/altalanos-szerzodesi-feltetelek\/\"]}]},{\"@type\":\"BreadcrumbList\",\"@id\":\"https:\/\/burgerlabor.com\/altalanos-szerzodesi-feltetelek\/#breadcrumb\",\"itemListElement\":[{\"@type\":\"ListItem\",\"position\":1,\"name\":\"Kezd\u0151lap\",\"item\":\"https:\/\/burgerlabor.com\/\"},{\"@type\":\"ListItem\",\"position\":2,\"name\":\"\u00c1ltal\u00e1nos szerz\u0151d\u00e9si felt\u00e9telek\"}]},{\"@type\":\"WebSite\",\"@id\":\"https:\/\/burgerlabor.com\/#website\",\"url\":\"https:\/\/burgerlabor.com\/\",\"name\":\"Burgerlabor\",\"description\":\"Minden burger\u00fcnket gondos odafigyel\u00e9ssel, magas min\u0151s\u00e9g\u0171 alapanyagokb\u00f3l k\u00e9sz\u00edtj\u00fck. Speci\u00e1lis sz\u00f3szok, egyszer\u0171 kompoz\u00edci\u00f3. K\u00f3stold meg \u00e9s garant\u00e1ltan el\u00e9gedett mosollyal z\u00e1rul az utols\u00f3 falat.\",\"publisher\":{\"@id\":\"https:\/\/burgerlabor.com\/#organization\"},\"potentialAction\":[{\"@type\":\"SearchAction\",\"target\":{\"@type\":\"EntryPoint\",\"urlTemplate\":\"https:\/\/burgerlabor.com\/?s={search_term_string}\"},\"query-input\":{\"@type\":\"PropertyValueSpecification\",\"valueRequired\":true,\"valueName\":\"search_term_string\"}}],\"inLanguage\":\"en-US\"},{\"@type\":\"Organization\",\"@id\":\"https:\/\/burgerlabor.com\/#organization\",\"name\":\"Burgerlabor\",\"url\":\"https:\/\/burgerlabor.com\/\",\"logo\":{\"@type\":\"ImageObject\",\"inLanguage\":\"en-US\",\"@id\":\"https:\/\/burgerlabor.com\/#\/schema\/logo\/image\/\",\"url\":\"https:\/\/burgerlabor.com\/wp-content\/uploads\/2026\/02\/logo-2-2-cropped.svg\",\"contentUrl\":\"https:\/\/burgerlabor.com\/wp-content\/uploads\/2026\/02\/logo-2-2-cropped.svg\",\"width\":3568,\"height\":2468,\"caption\":\"Burgerlabor\"},\"image\":{\"@id\":\"https:\/\/burgerlabor.com\/#\/schema\/logo\/image\/\"},\"sameAs\":[\"https:\/\/www.facebook.com\/burgerlabor2021\",\"https:\/\/www.instagram.com\/burgerlabor\/\",\"https:\/\/www.tiktok.com\/@burger.labor\"]}]}<\/script>\n<!-- \/ Yoast SEO Premium plugin. -->","yoast_head_json":{"title":"\u00c1ltal\u00e1nos szerz\u0151d\u00e9si felt\u00e9telek - Burgerlabor","robots":{"index":"index","follow":"follow","max-snippet":"max-snippet:-1","max-image-preview":"max-image-preview:large","max-video-preview":"max-video-preview:-1"},"canonical":"https:\/\/burgerlabor.com\/en\/altalanos-szerzodesi-feltetelek\/","og_locale":"en_US","og_type":"article","og_title":"\u00c1ltal\u00e1nos szerz\u0151d\u00e9si felt\u00e9telek","og_description":"Jelen \u00c1SZF a&nbsp;Gropad Food Kft. c\u00e9g (sz\u00e9khely: 1164 Bp. Tak\u00e1cs utca 13, ad\u00f3sz\u00e1m: 29136133-2-42), mint szolg\u00e1ltat\u00f3 (\u201cSzolg\u00e1ltat\u00f3\u201d) \u00e9s a jelen \u00c1SZF-ben ig\u00e9nybe vev\u0151 az a term\u00e9szetes szem\u00e9ly, aki a Szolg\u00e1ltat\u00f3 weboldal\u00e1n regisztr\u00e1lt \u00e9s saj\u00e1t felhaszn\u00e1l\u00f3i fi\u00f3kkal rendelkezik. A felek k\u00f6z\u00f6tt az elektronikus kereskedelmi szolg\u00e1ltat\u00e1sok, valamint az inform\u00e1ci\u00f3s t\u00e1rsadalommal \u00f6sszef\u00fcgg\u0151 szolg\u00e1ltat\u00e1sok egyes k\u00e9rd\u00e9seir\u0151l sz\u00f3l\u00f3 2001. \u00e9vi [&hellip;]","og_url":"https:\/\/burgerlabor.com\/en\/altalanos-szerzodesi-feltetelek\/","og_site_name":"Burgerlabor","article_publisher":"https:\/\/www.facebook.com\/burgerlabor2021","article_modified_time":"2026-02-19T23:48:07+00:00","og_image":[{"width":1200,"height":630,"url":"https:\/\/burgerlabor.com\/wp-content\/uploads\/2026\/02\/burger-op-logo.jpg","type":"image\/jpeg"}],"twitter_card":"summary_large_image","twitter_misc":{"Est. reading time":"3 minutes"},"schema":{"@context":"https:\/\/schema.org","@graph":[{"@type":"WebPage","@id":"https:\/\/burgerlabor.com\/altalanos-szerzodesi-feltetelek\/","url":"https:\/\/burgerlabor.com\/altalanos-szerzodesi-feltetelek\/","name":"\u00c1ltal\u00e1nos szerz\u0151d\u00e9si felt\u00e9telek - Burgerlabor","isPartOf":{"@id":"https:\/\/burgerlabor.com\/#website"},"datePublished":"2026-02-19T23:48:06+00:00","dateModified":"2026-02-19T23:48:07+00:00","breadcrumb":{"@id":"https:\/\/burgerlabor.com\/altalanos-szerzodesi-feltetelek\/#breadcrumb"},"inLanguage":"en-US","potentialAction":[{"@type":"ReadAction","target":["https:\/\/burgerlabor.com\/altalanos-szerzodesi-feltetelek\/"]}]},{"@type":"BreadcrumbList","@id":"https:\/\/burgerlabor.com\/altalanos-szerzodesi-feltetelek\/#breadcrumb","itemListElement":[{"@type":"ListItem","position":1,"name":"Kezd\u0151lap","item":"https:\/\/burgerlabor.com\/"},{"@type":"ListItem","position":2,"name":"\u00c1ltal\u00e1nos szerz\u0151d\u00e9si felt\u00e9telek"}]},{"@type":"WebSite","@id":"https:\/\/burgerlabor.com\/#website","url":"https:\/\/burgerlabor.com\/","name":"Burgerlabor","description":"Minden burger\u00fcnket gondos odafigyel\u00e9ssel, magas min\u0151s\u00e9g\u0171 alapanyagokb\u00f3l k\u00e9sz\u00edtj\u00fck. Speci\u00e1lis sz\u00f3szok, egyszer\u0171 kompoz\u00edci\u00f3. K\u00f3stold meg \u00e9s garant\u00e1ltan el\u00e9gedett mosollyal z\u00e1rul az utols\u00f3 falat.","publisher":{"@id":"https:\/\/burgerlabor.com\/#organization"},"potentialAction":[{"@type":"SearchAction","target":{"@type":"EntryPoint","urlTemplate":"https:\/\/burgerlabor.com\/?s={search_term_string}"},"query-input":{"@type":"PropertyValueSpecification","valueRequired":true,"valueName":"search_term_string"}}],"inLanguage":"en-US"},{"@type":"Organization","@id":"https:\/\/burgerlabor.com\/#organization","name":"Burgerlabor","url":"https:\/\/burgerlabor.com\/","logo":{"@type":"ImageObject","inLanguage":"en-US","@id":"https:\/\/burgerlabor.com\/#\/schema\/logo\/image\/","url":"https:\/\/burgerlabor.com\/wp-content\/uploads\/2026\/02\/logo-2-2-cropped.svg","contentUrl":"https:\/\/burgerlabor.com\/wp-content\/uploads\/2026\/02\/logo-2-2-cropped.svg","width":3568,"height":2468,"caption":"Burgerlabor"},"image":{"@id":"https:\/\/burgerlabor.com\/#\/schema\/logo\/image\/"},"sameAs":["https:\/\/www.facebook.com\/burgerlabor2021","https:\/\/www.instagram.com\/burgerlabor\/","https:\/\/www.tiktok.com\/@burger.labor"]}]}},"_links":{"self":[{"href":"https:\/\/burgerlabor.com\/en\/wp-json\/wp\/v2\/pages\/5134","targetHints":{"allow":["GET"]}}],"collection":[{"href":"https:\/\/burgerlabor.com\/en\/wp-json\/wp\/v2\/pages"}],"about":[{"href":"https:\/\/burgerlabor.com\/en\/wp-json\/wp\/v2\/types\/page"}],"author":[{"embeddable":true,"href":"https:\/\/burgerlabor.com\/en\/wp-json\/wp\/v2\/users\/1"}],"replies":[{"embeddable":true,"href":"https:\/\/burgerlabor.com\/en\/wp-json\/wp\/v2\/comments?post=5134"}],"version-history":[{"count":1,"href":"https:\/\/burgerlabor.com\/en\/wp-json\/wp\/v2\/pages\/5134\/revisions"}],"predecessor-version":[{"id":5135,"href":"https:\/\/burgerlabor.com\/en\/wp-json\/wp\/v2\/pages\/5134\/revisions\/5135"}],"wp:attachment":[{"href":"https:\/\/burgerlabor.com\/en\/wp-json\/wp\/v2\/media?parent=5134"}],"curies":[{"name":"wp","href":"https:\/\/api.w.org\/{rel}","templated":true}]}}