{"id":5132,"date":"2026-02-20T00:47:17","date_gmt":"2026-02-19T23:47:17","guid":{"rendered":"https:\/\/burgerlabor.com\/?page_id=5132"},"modified":"2026-02-20T00:47:18","modified_gmt":"2026-02-19T23:47:18","slug":"impresszum","status":"publish","type":"page","link":"https:\/\/burgerlabor.com\/en\/impresszum\/","title":{"rendered":"Impresszum"},"content":{"rendered":"<p><strong>A honlap \u00fczemeltet\u0151je:<\/strong><\/p>\n\n\n\n<h5 class=\"wp-block-heading\" id=\"h-gropad-food-kft-szekhely-nbsp-1164-budapest-takacs-utca-13-cegjegyzekszam-nbsp-01-09-380430-fovarosi-torvenyszek-cegbirosaga-adoszam-29136133-2-42\"><strong>Gropad Food Kft.<br><\/strong><strong>Sz\u00e9khely:<\/strong>&nbsp;1164 Budapest, Tak\u00e1cs utca 13.<br><strong>C\u00e9gjegyz\u00e9ksz\u00e1m:&nbsp;<\/strong>01-09-380430, F\u0151v\u00e1rosi T\u00f6rv\u00e9nysz\u00e9k C\u00e9gb\u00edr\u00f3s\u00e1ga Ad\u00f3sz\u00e1m: 29136133-2-42<\/h5>\n\n\n\n<p><strong>El\u00e9rhet\u0151s\u00e9g:<\/strong><\/p>\n\n\n\n<ul class=\"wp-block-list\">\n<li>Levelez\u00e9si c\u00edm 1164 Budapest Tak\u00e1cs utca 13.<\/li>\n\n\n\n<li>Telefonsz\u00e1m +36 30 594 40 43<\/li>\n\n\n\n<li>E-mail\u00a0<a href=\"mailto: burger.lab.info@gmail.com\">burger.lab.info@gmail.com<\/a><\/li>\n<\/ul>\n\n\n\n<p><strong>Kamarai tags\u00e1g:<br><\/strong>Budapesti Kereskedelmi \u00e9s Iparkamara<\/p>\n\n\n\n<p><strong>T\u00e1rhelyet biztos\u00edt\u00f3 szolg\u00e1ltat\u00f3:<\/strong><\/p>\n\n\n\n<h4 class=\"wp-block-heading\" id=\"h-hostinger-international-ltd\">Hostinger International Ltd.<\/h4>\n\n\n\n<p><strong>C\u00edm:<\/strong>&nbsp;61 Lordou Vironos Street 6023 Larnaca, Cyprus<br><strong>E-mail:&nbsp;<\/strong><a href=\"mailto: support@hostinger.com\">support@hostinger.com<\/a><br><strong>Web:<\/strong>&nbsp;<a href=\"https:\/\/www.hostinger.com\/\">www.hostinger.com<\/a><\/p>","protected":false},"excerpt":{"rendered":"<p>A honlap \u00fczemeltet\u0151je: Gropad Food Kft.Sz\u00e9khely:&nbsp;1164 Budapest, Tak\u00e1cs utca 13.C\u00e9gjegyz\u00e9ksz\u00e1m:&nbsp;01-09-380430, F\u0151v\u00e1rosi T\u00f6rv\u00e9nysz\u00e9k C\u00e9gb\u00edr\u00f3s\u00e1ga Ad\u00f3sz\u00e1m: 29136133-2-42 El\u00e9rhet\u0151s\u00e9g: Kamarai tags\u00e1g:Budapesti Kereskedelmi \u00e9s Iparkamara T\u00e1rhelyet biztos\u00edt\u00f3 szolg\u00e1ltat\u00f3: Hostinger International Ltd. C\u00edm:&nbsp;61 Lordou Vironos Street 6023 Larnaca, CyprusE-mail:&nbsp;support@hostinger.comWeb:&nbsp;www.hostinger.com<\/p>","protected":false},"author":1,"featured_media":0,"parent":0,"menu_order":0,"comment_status":"closed","ping_status":"closed","template":"","meta":{"site-sidebar-layout":"default","site-content-layout":"","ast-site-content-layout":"default","site-content-style":"default","site-sidebar-style":"default","ast-global-header-display":"","ast-banner-title-visibility":"","ast-main-header-display":"","ast-hfb-above-header-display":"","ast-hfb-below-header-display":"","ast-hfb-mobile-header-display":"","site-post-title":"","ast-breadcrumbs-content":"","ast-featured-img":"","footer-sml-layout":"","ast-disable-related-posts":"","theme-transparent-header-meta":"","adv-header-id-meta":"","stick-header-meta":"","header-above-stick-meta":"","header-main-stick-meta":"","header-below-stick-meta":"","astra-migrate-meta-layouts":"default","ast-page-background-enabled":"default","ast-page-background-meta":{"desktop":{"background-color":"var(--ast-global-color-4)","background-image":"","background-repeat":"repeat","background-position":"center center","background-size":"auto","background-attachment":"scroll","background-type":"","background-media":"","overlay-type":"","overlay-color":"","overlay-opacity":"","overlay-gradient":""},"tablet":{"background-color":"","background-image":"","background-repeat":"repeat","background-position":"center center","background-size":"auto","background-attachment":"scroll","background-type":"","background-media":"","overlay-type":"","overlay-color":"","overlay-opacity":"","overlay-gradient":""},"mobile":{"background-color":"","background-image":"","background-repeat":"repeat","background-position":"center center","background-size":"auto","background-attachment":"scroll","background-type":"","background-media":"","overlay-type":"","overlay-color":"","overlay-opacity":"","overlay-gradient":""}},"ast-content-background-meta":{"desktop":{"background-color":"var(--ast-global-color-5)","background-image":"","background-repeat":"repeat","background-position":"center center","background-size":"auto","background-attachment":"scroll","background-type":"","background-media":"","overlay-type":"","overlay-color":"","overlay-opacity":"","overlay-gradient":""},"tablet":{"background-color":"var(--ast-global-color-5)","background-image":"","background-repeat":"repeat","background-position":"center center","background-size":"auto","background-attachment":"scroll","background-type":"","background-media":"","overlay-type":"","overlay-color":"","overlay-opacity":"","overlay-gradient":""},"mobile":{"background-color":"var(--ast-global-color-5)","background-image":"","background-repeat":"repeat","background-position":"center center","background-size":"auto","background-attachment":"scroll","background-type":"","background-media":"","overlay-type":"","overlay-color":"","overlay-opacity":"","overlay-gradient":""}},"footnotes":""},"class_list":["post-5132","page","type-page","status-publish","hentry"],"yoast_head":"<!-- This site is optimized with the Yoast SEO Premium plugin v27.0 (Yoast SEO v27.0) - https:\/\/yoast.com\/product\/yoast-seo-premium-wordpress\/ -->\n<title>Impresszum - Burgerlabor<\/title>\n<meta name=\"robots\" content=\"index, follow, max-snippet:-1, max-image-preview:large, max-video-preview:-1\" \/>\n<link rel=\"canonical\" href=\"https:\/\/burgerlabor.com\/en\/impresszum\/\" \/>\n<meta property=\"og:locale\" content=\"en_US\" \/>\n<meta property=\"og:type\" content=\"article\" \/>\n<meta property=\"og:title\" content=\"Impresszum\" \/>\n<meta property=\"og:description\" content=\"A honlap \u00fczemeltet\u0151je: Gropad Food Kft.Sz\u00e9khely:&nbsp;1164 Budapest, Tak\u00e1cs utca 13.C\u00e9gjegyz\u00e9ksz\u00e1m:&nbsp;01-09-380430, F\u0151v\u00e1rosi T\u00f6rv\u00e9nysz\u00e9k C\u00e9gb\u00edr\u00f3s\u00e1ga Ad\u00f3sz\u00e1m: 29136133-2-42 El\u00e9rhet\u0151s\u00e9g: Kamarai tags\u00e1g:Budapesti Kereskedelmi \u00e9s Iparkamara T\u00e1rhelyet biztos\u00edt\u00f3 szolg\u00e1ltat\u00f3: Hostinger International Ltd. C\u00edm:&nbsp;61 Lordou Vironos Street 6023 Larnaca, CyprusE-mail:&nbsp;support@hostinger.comWeb:&nbsp;www.hostinger.com\" \/>\n<meta property=\"og:url\" content=\"https:\/\/burgerlabor.com\/en\/impresszum\/\" \/>\n<meta property=\"og:site_name\" content=\"Burgerlabor\" \/>\n<meta property=\"article:publisher\" content=\"https:\/\/www.facebook.com\/burgerlabor2021\" \/>\n<meta property=\"article:modified_time\" content=\"2026-02-19T23:47:18+00:00\" \/>\n<meta property=\"og:image\" content=\"https:\/\/burgerlabor.com\/wp-content\/uploads\/2026\/02\/burger-op-logo.jpg\" \/>\n\t<meta property=\"og:image:width\" content=\"1200\" \/>\n\t<meta property=\"og:image:height\" content=\"630\" \/>\n\t<meta property=\"og:image:type\" content=\"image\/jpeg\" \/>\n<meta name=\"twitter:card\" content=\"summary_large_image\" \/>\n<meta name=\"twitter:label1\" content=\"Est. reading time\" \/>\n\t<meta name=\"twitter:data1\" content=\"1 minute\" \/>\n<script type=\"application\/ld+json\" class=\"yoast-schema-graph\">{\"@context\":\"https:\/\/schema.org\",\"@graph\":[{\"@type\":\"WebPage\",\"@id\":\"https:\/\/burgerlabor.com\/impresszum\/\",\"url\":\"https:\/\/burgerlabor.com\/impresszum\/\",\"name\":\"Impresszum - Burgerlabor\",\"isPartOf\":{\"@id\":\"https:\/\/burgerlabor.com\/#website\"},\"datePublished\":\"2026-02-19T23:47:17+00:00\",\"dateModified\":\"2026-02-19T23:47:18+00:00\",\"breadcrumb\":{\"@id\":\"https:\/\/burgerlabor.com\/impresszum\/#breadcrumb\"},\"inLanguage\":\"en-US\",\"potentialAction\":[{\"@type\":\"ReadAction\",\"target\":[\"https:\/\/burgerlabor.com\/impresszum\/\"]}]},{\"@type\":\"BreadcrumbList\",\"@id\":\"https:\/\/burgerlabor.com\/impresszum\/#breadcrumb\",\"itemListElement\":[{\"@type\":\"ListItem\",\"position\":1,\"name\":\"Kezd\u0151lap\",\"item\":\"https:\/\/burgerlabor.com\/\"},{\"@type\":\"ListItem\",\"position\":2,\"name\":\"Impresszum\"}]},{\"@type\":\"WebSite\",\"@id\":\"https:\/\/burgerlabor.com\/#website\",\"url\":\"https:\/\/burgerlabor.com\/\",\"name\":\"Burgerlabor\",\"description\":\"Minden burger\u00fcnket gondos odafigyel\u00e9ssel, magas min\u0151s\u00e9g\u0171 alapanyagokb\u00f3l k\u00e9sz\u00edtj\u00fck. Speci\u00e1lis sz\u00f3szok, egyszer\u0171 kompoz\u00edci\u00f3. K\u00f3stold meg \u00e9s garant\u00e1ltan el\u00e9gedett mosollyal z\u00e1rul az utols\u00f3 falat.\",\"publisher\":{\"@id\":\"https:\/\/burgerlabor.com\/#organization\"},\"potentialAction\":[{\"@type\":\"SearchAction\",\"target\":{\"@type\":\"EntryPoint\",\"urlTemplate\":\"https:\/\/burgerlabor.com\/?s={search_term_string}\"},\"query-input\":{\"@type\":\"PropertyValueSpecification\",\"valueRequired\":true,\"valueName\":\"search_term_string\"}}],\"inLanguage\":\"en-US\"},{\"@type\":\"Organization\",\"@id\":\"https:\/\/burgerlabor.com\/#organization\",\"name\":\"Burgerlabor\",\"url\":\"https:\/\/burgerlabor.com\/\",\"logo\":{\"@type\":\"ImageObject\",\"inLanguage\":\"en-US\",\"@id\":\"https:\/\/burgerlabor.com\/#\/schema\/logo\/image\/\",\"url\":\"https:\/\/burgerlabor.com\/wp-content\/uploads\/2026\/02\/logo-2-2-cropped.svg\",\"contentUrl\":\"https:\/\/burgerlabor.com\/wp-content\/uploads\/2026\/02\/logo-2-2-cropped.svg\",\"width\":3568,\"height\":2468,\"caption\":\"Burgerlabor\"},\"image\":{\"@id\":\"https:\/\/burgerlabor.com\/#\/schema\/logo\/image\/\"},\"sameAs\":[\"https:\/\/www.facebook.com\/burgerlabor2021\",\"https:\/\/www.instagram.com\/burgerlabor\/\",\"https:\/\/www.tiktok.com\/@burger.labor\"]}]}<\/script>\n<!-- \/ Yoast SEO Premium plugin. -->","yoast_head_json":{"title":"Impresszum - Burgerlabor","robots":{"index":"index","follow":"follow","max-snippet":"max-snippet:-1","max-image-preview":"max-image-preview:large","max-video-preview":"max-video-preview:-1"},"canonical":"https:\/\/burgerlabor.com\/en\/impresszum\/","og_locale":"en_US","og_type":"article","og_title":"Impresszum","og_description":"A honlap \u00fczemeltet\u0151je: Gropad Food Kft.Sz\u00e9khely:&nbsp;1164 Budapest, Tak\u00e1cs utca 13.C\u00e9gjegyz\u00e9ksz\u00e1m:&nbsp;01-09-380430, F\u0151v\u00e1rosi T\u00f6rv\u00e9nysz\u00e9k C\u00e9gb\u00edr\u00f3s\u00e1ga Ad\u00f3sz\u00e1m: 29136133-2-42 El\u00e9rhet\u0151s\u00e9g: Kamarai tags\u00e1g:Budapesti Kereskedelmi \u00e9s Iparkamara T\u00e1rhelyet biztos\u00edt\u00f3 szolg\u00e1ltat\u00f3: Hostinger International Ltd. C\u00edm:&nbsp;61 Lordou Vironos Street 6023 Larnaca, CyprusE-mail:&nbsp;support@hostinger.comWeb:&nbsp;www.hostinger.com","og_url":"https:\/\/burgerlabor.com\/en\/impresszum\/","og_site_name":"Burgerlabor","article_publisher":"https:\/\/www.facebook.com\/burgerlabor2021","article_modified_time":"2026-02-19T23:47:18+00:00","og_image":[{"width":1200,"height":630,"url":"https:\/\/burgerlabor.com\/wp-content\/uploads\/2026\/02\/burger-op-logo.jpg","type":"image\/jpeg"}],"twitter_card":"summary_large_image","twitter_misc":{"Est. reading time":"1 minute"},"schema":{"@context":"https:\/\/schema.org","@graph":[{"@type":"WebPage","@id":"https:\/\/burgerlabor.com\/impresszum\/","url":"https:\/\/burgerlabor.com\/impresszum\/","name":"Impresszum - Burgerlabor","isPartOf":{"@id":"https:\/\/burgerlabor.com\/#website"},"datePublished":"2026-02-19T23:47:17+00:00","dateModified":"2026-02-19T23:47:18+00:00","breadcrumb":{"@id":"https:\/\/burgerlabor.com\/impresszum\/#breadcrumb"},"inLanguage":"en-US","potentialAction":[{"@type":"ReadAction","target":["https:\/\/burgerlabor.com\/impresszum\/"]}]},{"@type":"BreadcrumbList","@id":"https:\/\/burgerlabor.com\/impresszum\/#breadcrumb","itemListElement":[{"@type":"ListItem","position":1,"name":"Kezd\u0151lap","item":"https:\/\/burgerlabor.com\/"},{"@type":"ListItem","position":2,"name":"Impresszum"}]},{"@type":"WebSite","@id":"https:\/\/burgerlabor.com\/#website","url":"https:\/\/burgerlabor.com\/","name":"Burgerlabor","description":"Minden burger\u00fcnket gondos odafigyel\u00e9ssel, magas min\u0151s\u00e9g\u0171 alapanyagokb\u00f3l k\u00e9sz\u00edtj\u00fck. Speci\u00e1lis sz\u00f3szok, egyszer\u0171 kompoz\u00edci\u00f3. K\u00f3stold meg \u00e9s garant\u00e1ltan el\u00e9gedett mosollyal z\u00e1rul az utols\u00f3 falat.","publisher":{"@id":"https:\/\/burgerlabor.com\/#organization"},"potentialAction":[{"@type":"SearchAction","target":{"@type":"EntryPoint","urlTemplate":"https:\/\/burgerlabor.com\/?s={search_term_string}"},"query-input":{"@type":"PropertyValueSpecification","valueRequired":true,"valueName":"search_term_string"}}],"inLanguage":"en-US"},{"@type":"Organization","@id":"https:\/\/burgerlabor.com\/#organization","name":"Burgerlabor","url":"https:\/\/burgerlabor.com\/","logo":{"@type":"ImageObject","inLanguage":"en-US","@id":"https:\/\/burgerlabor.com\/#\/schema\/logo\/image\/","url":"https:\/\/burgerlabor.com\/wp-content\/uploads\/2026\/02\/logo-2-2-cropped.svg","contentUrl":"https:\/\/burgerlabor.com\/wp-content\/uploads\/2026\/02\/logo-2-2-cropped.svg","width":3568,"height":2468,"caption":"Burgerlabor"},"image":{"@id":"https:\/\/burgerlabor.com\/#\/schema\/logo\/image\/"},"sameAs":["https:\/\/www.facebook.com\/burgerlabor2021","https:\/\/www.instagram.com\/burgerlabor\/","https:\/\/www.tiktok.com\/@burger.labor"]}]}},"_links":{"self":[{"href":"https:\/\/burgerlabor.com\/en\/wp-json\/wp\/v2\/pages\/5132","targetHints":{"allow":["GET"]}}],"collection":[{"href":"https:\/\/burgerlabor.com\/en\/wp-json\/wp\/v2\/pages"}],"about":[{"href":"https:\/\/burgerlabor.com\/en\/wp-json\/wp\/v2\/types\/page"}],"author":[{"embeddable":true,"href":"https:\/\/burgerlabor.com\/en\/wp-json\/wp\/v2\/users\/1"}],"replies":[{"embeddable":true,"href":"https:\/\/burgerlabor.com\/en\/wp-json\/wp\/v2\/comments?post=5132"}],"version-history":[{"count":1,"href":"https:\/\/burgerlabor.com\/en\/wp-json\/wp\/v2\/pages\/5132\/revisions"}],"predecessor-version":[{"id":5133,"href":"https:\/\/burgerlabor.com\/en\/wp-json\/wp\/v2\/pages\/5132\/revisions\/5133"}],"wp:attachment":[{"href":"https:\/\/burgerlabor.com\/en\/wp-json\/wp\/v2\/media?parent=5132"}],"curies":[{"name":"wp","href":"https:\/\/api.w.org\/{rel}","templated":true}]}}